{"id":1430,"date":"2019-11-11T23:06:45","date_gmt":"2019-11-12T02:06:45","guid":{"rendered":"https:\/\/isfd78-bue.infd.edu.ar\/sitio\/?page_id=1430"},"modified":"2026-03-20T19:02:24","modified_gmt":"2026-03-20T22:02:24","slug":"matriculacion2023","status":"publish","type":"page","link":"https:\/\/isfd78-bue.infd.edu.ar\/sitio\/matriculacion2023\/","title":{"rendered":"INSCRIPCI\u00d3N A MATERIAS &#8211; CICLO LECTIVO 2026"},"content":{"rendered":"<p><strong>PER\u00cdODO DE INSCRIPCI\u00d3N<\/strong><br \/>Del 23 de marzo de 2026 al 03 de abril de 2026<\/p>\n<p><strong>RECUERDEN QUE DEBEN TENER COMPLETA LA DOCUMENTACI\u00d3N<\/strong><\/p>\n<ul>\n<li>Planilla de inscripci\u00f3n (retirar en Librer\u00eda T\u00edo Pato)<\/li>\n<li>2 fotos carnet 4&#215;4<\/li>\n<li>Fotocopia de DNI<\/li>\n<li>Fotocopia de Partida de nacimiento o Certificado de nacimiento<\/li>\n<li>\u00a0Fotocopia de T\u00edtulo Secundario o Constancia de T\u00edtulo en tr\u00e1mite<\/li>\n<li>Certificado m\u00e9dico de buena salud<\/li>\n<li>Folio tama\u00f1o oficio<\/li>\n<\/ul>\n<p><strong>RENOVACI\u00d3N DE INSCRIPCI\u00d3N<\/strong><\/p>\n<p>La inscripci\u00f3n debe renovarse anualmente, tanto en formato papel como de manera online (formulario de inscripci\u00f3n).<\/p>\n<p><strong>SUPERVISI\u00d3N Y CORRELATIVIDADES<\/strong><\/p>\n<ul>\n<li>La inscripci\u00f3n ser\u00e1 supervisada por el preceptor de cada carrera, quien verificar\u00e1 que el alumno est\u00e9 en condiciones de cursar las materias seleccionadas.<\/li>\n<li>Es fundamental tener presente el R\u00e9gimen de Correlatividades, definido en los dise\u00f1os curriculares de cada carrera, para organizar y planificar la cursada.<\/li>\n<li>La condici\u00f3n para cursar una materia est\u00e1 sujeta a la aprobaci\u00f3n de la\/s correlativa\/s correspondiente\/s.<\/li>\n<\/ul>\n\n\n<figure class=\"wp-block-image size-full\"><img decoding=\"async\" loading=\"lazy\" width=\"1242\" height=\"1755\" src=\"https:\/\/isfd78-bue.infd.edu.ar\/sitio\/wp-content\/uploads\/2026\/03\/QR-inscripcion-2026_page-0001-2.jpg\" alt=\"\" class=\"wp-image-2894\" srcset=\"https:\/\/isfd78-bue.infd.edu.ar\/sitio\/wp-content\/uploads\/2026\/03\/QR-inscripcion-2026_page-0001-2.jpg 1242w, https:\/\/isfd78-bue.infd.edu.ar\/sitio\/wp-content\/uploads\/2026\/03\/QR-inscripcion-2026_page-0001-2-708x1000.jpg 708w, https:\/\/isfd78-bue.infd.edu.ar\/sitio\/wp-content\/uploads\/2026\/03\/QR-inscripcion-2026_page-0001-2-768x1085.jpg 768w, https:\/\/isfd78-bue.infd.edu.ar\/sitio\/wp-content\/uploads\/2026\/03\/QR-inscripcion-2026_page-0001-2-1087x1536.jpg 1087w\" sizes=\"(max-width: 1242px) 100vw, 1242px\" \/><\/figure>\n\n\n\n<figure class=\"wp-block-image size-full\"><img decoding=\"async\" loading=\"lazy\" width=\"1242\" height=\"1755\" src=\"https:\/\/isfd78-bue.infd.edu.ar\/sitio\/wp-content\/uploads\/2026\/03\/QR-inscripcion-2026_page-0002-2.jpg\" alt=\"\" class=\"wp-image-2895\" srcset=\"https:\/\/isfd78-bue.infd.edu.ar\/sitio\/wp-content\/uploads\/2026\/03\/QR-inscripcion-2026_page-0002-2.jpg 1242w, https:\/\/isfd78-bue.infd.edu.ar\/sitio\/wp-content\/uploads\/2026\/03\/QR-inscripcion-2026_page-0002-2-708x1000.jpg 708w, https:\/\/isfd78-bue.infd.edu.ar\/sitio\/wp-content\/uploads\/2026\/03\/QR-inscripcion-2026_page-0002-2-768x1085.jpg 768w, https:\/\/isfd78-bue.infd.edu.ar\/sitio\/wp-content\/uploads\/2026\/03\/QR-inscripcion-2026_page-0002-2-1087x1536.jpg 1087w\" sizes=\"(max-width: 1242px) 100vw, 1242px\" \/><\/figure>\n\n\n\n<figure class=\"wp-block-image size-full is-resized\"><img decoding=\"async\" loading=\"lazy\" src=\"https:\/\/isfd78-bue.infd.edu.ar\/sitio\/wp-content\/uploads\/2026\/03\/QR-inscripcion-2026_page-0003-2.jpg\" alt=\"\" class=\"wp-image-2896\" width=\"1023\" height=\"1445\" srcset=\"https:\/\/isfd78-bue.infd.edu.ar\/sitio\/wp-content\/uploads\/2026\/03\/QR-inscripcion-2026_page-0003-2.jpg 1242w, https:\/\/isfd78-bue.infd.edu.ar\/sitio\/wp-content\/uploads\/2026\/03\/QR-inscripcion-2026_page-0003-2-708x1000.jpg 708w, https:\/\/isfd78-bue.infd.edu.ar\/sitio\/wp-content\/uploads\/2026\/03\/QR-inscripcion-2026_page-0003-2-768x1085.jpg 768w, https:\/\/isfd78-bue.infd.edu.ar\/sitio\/wp-content\/uploads\/2026\/03\/QR-inscripcion-2026_page-0003-2-1087x1536.jpg 1087w\" sizes=\"(max-width: 1023px) 100vw, 1023px\" \/><\/figure>\n\n\n\n<figure class=\"wp-block-image size-full\"><img decoding=\"async\" loading=\"lazy\" width=\"1242\" height=\"1755\" src=\"https:\/\/isfd78-bue.infd.edu.ar\/sitio\/wp-content\/uploads\/2026\/03\/QR-inscripcion-2026_page-0004-2.jpg\" alt=\"\" class=\"wp-image-2897\" srcset=\"https:\/\/isfd78-bue.infd.edu.ar\/sitio\/wp-content\/uploads\/2026\/03\/QR-inscripcion-2026_page-0004-2.jpg 1242w, https:\/\/isfd78-bue.infd.edu.ar\/sitio\/wp-content\/uploads\/2026\/03\/QR-inscripcion-2026_page-0004-2-708x1000.jpg 708w, https:\/\/isfd78-bue.infd.edu.ar\/sitio\/wp-content\/uploads\/2026\/03\/QR-inscripcion-2026_page-0004-2-768x1085.jpg 768w, https:\/\/isfd78-bue.infd.edu.ar\/sitio\/wp-content\/uploads\/2026\/03\/QR-inscripcion-2026_page-0004-2-1087x1536.jpg 1087w\" sizes=\"(max-width: 1242px) 100vw, 1242px\" \/><\/figure>\n\n\n\n<figure class=\"wp-block-image size-full\"><img decoding=\"async\" loading=\"lazy\" width=\"1242\" height=\"1755\" src=\"https:\/\/isfd78-bue.infd.edu.ar\/sitio\/wp-content\/uploads\/2026\/03\/QR-inscripcion-2026_page-0005-2.jpg\" alt=\"\" class=\"wp-image-2898\" srcset=\"https:\/\/isfd78-bue.infd.edu.ar\/sitio\/wp-content\/uploads\/2026\/03\/QR-inscripcion-2026_page-0005-2.jpg 1242w, https:\/\/isfd78-bue.infd.edu.ar\/sitio\/wp-content\/uploads\/2026\/03\/QR-inscripcion-2026_page-0005-2-708x1000.jpg 708w, https:\/\/isfd78-bue.infd.edu.ar\/sitio\/wp-content\/uploads\/2026\/03\/QR-inscripcion-2026_page-0005-2-768x1085.jpg 768w, https:\/\/isfd78-bue.infd.edu.ar\/sitio\/wp-content\/uploads\/2026\/03\/QR-inscripcion-2026_page-0005-2-1087x1536.jpg 1087w\" sizes=\"(max-width: 1242px) 100vw, 1242px\" \/><\/figure>\n","protected":false},"excerpt":{"rendered":"<p>PER\u00cdODO DE INSCRIPCI\u00d3NDel 23 de marzo de 2026 al 03 de abril de 2026 RECUERDEN QUE DEBEN TENER COMPLETA LA DOCUMENTACI\u00d3N Planilla de inscripci\u00f3n (retirar en Librer\u00eda T\u00edo Pato) 2 fotos carnet 4&#215;4 Fotocopia de DNI Fotocopia de Partida de nacimiento o Certificado de nacimiento \u00a0Fotocopia de T\u00edtulo Secundario o Constancia de T\u00edtulo en tr\u00e1mite &#8230; <a title=\"INSCRIPCI\u00d3N A MATERIAS &#8211; CICLO LECTIVO 2026\" class=\"read-more\" href=\"https:\/\/isfd78-bue.infd.edu.ar\/sitio\/matriculacion2023\/\" aria-label=\"More on INSCRIPCI\u00d3N A MATERIAS &#8211; CICLO LECTIVO 2026\">[+]<\/a><\/p>\n","protected":false},"author":386,"featured_media":0,"parent":0,"menu_order":0,"comment_status":"closed","ping_status":"closed","template":"","meta":[],"acf":[],"_links":{"self":[{"href":"https:\/\/isfd78-bue.infd.edu.ar\/sitio\/wp-json\/wp\/v2\/pages\/1430"}],"collection":[{"href":"https:\/\/isfd78-bue.infd.edu.ar\/sitio\/wp-json\/wp\/v2\/pages"}],"about":[{"href":"https:\/\/isfd78-bue.infd.edu.ar\/sitio\/wp-json\/wp\/v2\/types\/page"}],"author":[{"embeddable":true,"href":"https:\/\/isfd78-bue.infd.edu.ar\/sitio\/wp-json\/wp\/v2\/users\/386"}],"replies":[{"embeddable":true,"href":"https:\/\/isfd78-bue.infd.edu.ar\/sitio\/wp-json\/wp\/v2\/comments?post=1430"}],"version-history":[{"count":50,"href":"https:\/\/isfd78-bue.infd.edu.ar\/sitio\/wp-json\/wp\/v2\/pages\/1430\/revisions"}],"predecessor-version":[{"id":2899,"href":"https:\/\/isfd78-bue.infd.edu.ar\/sitio\/wp-json\/wp\/v2\/pages\/1430\/revisions\/2899"}],"wp:attachment":[{"href":"https:\/\/isfd78-bue.infd.edu.ar\/sitio\/wp-json\/wp\/v2\/media?parent=1430"}],"curies":[{"name":"wp","href":"https:\/\/api.w.org\/{rel}","templated":true}]}}