{"id":1606,"date":"2020-11-17T22:18:56","date_gmt":"2020-11-18T01:18:56","guid":{"rendered":"https:\/\/isfd78-bue.infd.edu.ar\/sitio\/?page_id=1606"},"modified":"2026-01-05T00:01:43","modified_gmt":"2026-01-05T03:01:43","slug":"mesas-de-examen-fechas","status":"publish","type":"page","link":"https:\/\/isfd78-bue.infd.edu.ar\/sitio\/mesas-de-examen-fechas\/","title":{"rendered":"Mesas de examen"},"content":{"rendered":"\n<p><\/p>\n\n\n<p><!--\n\n\n<h5>El contenido de esta p\u00e1gina estar\u00e1 disponible cuando se habilite el llamado a mesas de examen febrero 2026.<\/h5>\n\n\n\n\n\n\n\n\n\n<p>\n--><\/p>\n<p>Ingresa en el siguiente enlace para la inscripci\u00f3n a las mesas de ex\u00e1menes, adem\u00e1s podr\u00e1s verificar tus inscripciones en cualquier momento y descargarte una constancia si lo deseas:<\/p>\n<p style=\"text-align: center;\"><strong><a href=\"https:\/\/script.google.com\/macros\/s\/AKfycbz_RnVngAxSkrm0TveJ-KMN4V3VPQN6PhnwXSBGWsoFXWfuXDAdwh0d7dW-OTrF8oG7\/exec\">INSCR\u00cdBETE A MESAS DE EXAMEN PULSANDO AQU\u00cd<\/a><\/strong><strong><a href=\"https:\/\/script.google.com\/macros\/s\/AKfycbz_RnVngAxSkrm0TveJ-KMN4V3VPQN6PhnwXSBGWsoFXWfuXDAdwh0d7dW-OTrF8oG7\/exec\"><img decoding=\"async\" loading=\"lazy\" class=\"wp-image-2502 aligncenter\" src=\"https:\/\/isfd78-bue.infd.edu.ar\/sitio\/wp-content\/uploads\/2024\/11\/\u2014Pngtree\u2014hand-drawn-cartoon-hand-clicking_5454437-1000x1000.png\" alt=\"\" width=\"86\" height=\"86\" srcset=\"https:\/\/isfd78-bue.infd.edu.ar\/sitio\/wp-content\/uploads\/2024\/11\/\u2014Pngtree\u2014hand-drawn-cartoon-hand-clicking_5454437-1000x1000.png 1000w, https:\/\/isfd78-bue.infd.edu.ar\/sitio\/wp-content\/uploads\/2024\/11\/\u2014Pngtree\u2014hand-drawn-cartoon-hand-clicking_5454437-1900x1900.png 1900w, https:\/\/isfd78-bue.infd.edu.ar\/sitio\/wp-content\/uploads\/2024\/11\/\u2014Pngtree\u2014hand-drawn-cartoon-hand-clicking_5454437-500x500.png 500w, https:\/\/isfd78-bue.infd.edu.ar\/sitio\/wp-content\/uploads\/2024\/11\/\u2014Pngtree\u2014hand-drawn-cartoon-hand-clicking_5454437-768x768.png 768w, https:\/\/isfd78-bue.infd.edu.ar\/sitio\/wp-content\/uploads\/2024\/11\/\u2014Pngtree\u2014hand-drawn-cartoon-hand-clicking_5454437-1536x1536.png 1536w, https:\/\/isfd78-bue.infd.edu.ar\/sitio\/wp-content\/uploads\/2024\/11\/\u2014Pngtree\u2014hand-drawn-cartoon-hand-clicking_5454437.png 2000w\" sizes=\"(max-width: 86px) 100vw, 86px\" \/><\/a><\/strong><\/p>\n<h2 style=\"text-align: center;\"><span style=\"color: #ff0000;\"><strong>&#x1f6a8; INFORMACI\u00d3N IMPORTANTE &#x1f6a8;<\/strong><\/span><\/h2>\n<p><strong>ANEXO 1<\/strong><\/p>\n<p><strong>R\u00e9gimen Acad\u00e9mico Marco Jurisdiccional Resoluci\u00f3n 4196\/24<\/strong><\/p>\n<p><strong>Principios y disposiciones generales.<\/strong><\/p>\n<p><strong>Resumen del Cap\u00edtulo 8 \u2013 Evaluaci\u00f3n. Condiciones de Aprobaci\u00f3n y Acreditaci\u00f3n<\/strong><\/p>\n<p>&#x1f4cc; Aprobaci\u00f3n de una Unidad Curricular (UC)<\/p>\n<p>Las unidades curriculares anuales y cuatrimestrales aprobadas tendr\u00e1n una validez de ocho turnos de acreditaci\u00f3n final consecutivos. (2 a\u00f1os)<br \/>Si el\/la estudiante se presenta cuatro veces y no aprueba, debe recursar.<\/p>\n<p>&#x1f4cc; <strong>Acreditaci\u00f3n<\/strong><\/p>\n<p>Es el acto administrativo que certifica la aprobaci\u00f3n final.<br \/>Puede ser:<br \/>* Por promoci\u00f3n directa: sin examen final (m\u00ednimo 7 puntos y asistencia cumplida).<br \/>* Con evaluaci\u00f3n final: examen ante comisi\u00f3n (m\u00ednimo 4 puntos).<br \/>* En car\u00e1cter de libre: examen escrito y oral, con m\u00ednimo 4 puntos en cada instancia.<\/p>\n<p>&#x1f4cc; <strong>Condiciones espec\u00edficas de UC sin examen final<\/strong><\/p>\n<p>Est\u00e1s UC pr\u00e1cticas (Pr\u00e1cticas, Talleres, Seminarios, Ateneos, EDI, Trafo ) se aprueban sin examen final y deben recursarse si no se alcanzan los 7 puntos.<\/p>\n<p>&#x1f4cc; <strong>Evaluaci\u00f3n final<\/strong><\/p>\n<p>Comisi\u00f3n evaluadora: docente responsable + otro\/a docente<br \/>Nota m\u00ednima de aprobaci\u00f3n: 4.<\/p>\n<p>&#x1f4cc; <strong>Tres turnos ordinarios:<\/strong><\/p>\n<p>* Antes del inicio de clases. (Febrero)<br \/>* Tras el receso invernal. (Agosto)<br \/>* Luego de finalizadas las clases. ( Diciembre)<\/p>\n<p>Turnos extraordinarios: en mayo o septiembre, para estudiantes que deban solo la \u00faltima UC.<\/p>\n<p>&#x1f4cc; <strong>Acreditaci\u00f3n en car\u00e1cter de libre<\/strong><\/p>\n<p>* Posible en todos los turnos ordinarios.<br \/>* Requiere cumplir correlatividades.<br \/>* Evaluaci\u00f3n escrita y oral (m\u00ednimo 4 en cada una).<br \/>* No se admite en Pr\u00e1cticas, Talleres, Seminarios, Ateneos ni Laboratorios.<\/p>\n<p>&#x1f4cc; <strong>Promedio general de carrera<\/strong><\/p>\n<p>Se calcula con la suma de las notas de todas las UC acreditadas, dividida por su n\u00famero\u00a0total.<\/p>\n<p style=\"text-align: center;\"><span style=\"color: #ff0000;\"><strong>Para inscribirte a las mesas tienes tiempo hasta 48hs h\u00e1biles antes de cada materia.<\/strong><\/span> <span style=\"color: #ff0000;\"><strong>Los fines de semana , feriados y el receso escolar no los deb\u00e9s contar.<\/strong><\/span><\/p>\n<h4 style=\"text-align: center;\"><span style=\"color: #ff0000;\"><strong>Las fechas de cada materia tienen un \u00daNICO LLAMADO.<\/strong><\/span><\/h4>\n<p style=\"text-align: center;\">Puedes consultar el siguiente video tutorial sobre la forma de registrar tus inscripciones a mesas de examen.<\/p>\n<p style=\"text-align: center;\"><iframe loading=\"lazy\" title=\"YouTube video player\" src=\"https:\/\/www.youtube.com\/embed\/akuP3oKuGYo\" width=\"560\" height=\"315\" frameborder=\"0\" allowfullscreen=\"allowfullscreen\"><\/iframe><\/p>\n<p style=\"text-align: center;\">Las fechas de las mesas evaluadoras y el d\u00eda hasta que estar\u00e1n habilitadas para inscribirse o borrarse son las siguientes:<\/p>\n<p style=\"text-align: center;\"><iframe loading=\"lazy\" src=\"https:\/\/docs.google.com\/spreadsheets\/d\/e\/2PACX-1vRE_RKyHVsgSzJfvNVqUcfRs0Huapok1n079eIGZ0fNaz-HU_jlRFbgJdOQtDJ8RBoZYNmZ9LdvCY9s\/pubhtml?gid=438005414&amp;single=true&amp;widget=true&amp;headers=false\" width=\"430\" height=\"520\"><\/iframe><\/p>\n<p>Busca los d\u00edas de las materias de tu carrera. Despl\u00e1zate hacia la derecha para ver todas las semanas del llamado.<\/p>\n<p><iframe loading=\"lazy\" src=\"https:\/\/docs.google.com\/spreadsheets\/d\/e\/2PACX-1vRE_RKyHVsgSzJfvNVqUcfRs0Huapok1n079eIGZ0fNaz-HU_jlRFbgJdOQtDJ8RBoZYNmZ9LdvCY9s\/pubhtml?gid=1756540847&amp;single=true&amp;widget=true&amp;headers=false\" width=\"1100\" height=\"500\"><\/iframe><\/p>\n<p>&#8211;&gt;<\/p>\n<p>\u00a0<\/p>","protected":false},"excerpt":{"rendered":"<p>Ingresa en el siguiente enlace para la inscripci\u00f3n a las mesas de ex\u00e1menes, adem\u00e1s podr\u00e1s verificar tus inscripciones en cualquier momento y descargarte una constancia si lo deseas: INSCR\u00cdBETE A MESAS DE EXAMEN PULSANDO AQU\u00cd &#x1f6a8; INFORMACI\u00d3N IMPORTANTE &#x1f6a8; ANEXO 1 R\u00e9gimen Acad\u00e9mico Marco Jurisdiccional Resoluci\u00f3n 4196\/24 Principios y disposiciones generales. Resumen del Cap\u00edtulo 8 &#8230; <a title=\"Mesas de examen\" class=\"read-more\" href=\"https:\/\/isfd78-bue.infd.edu.ar\/sitio\/mesas-de-examen-fechas\/\" aria-label=\"More on Mesas de examen\">[+]<\/a><\/p>\n","protected":false},"author":364,"featured_media":0,"parent":0,"menu_order":0,"comment_status":"closed","ping_status":"closed","template":"","meta":[],"acf":[],"_links":{"self":[{"href":"https:\/\/isfd78-bue.infd.edu.ar\/sitio\/wp-json\/wp\/v2\/pages\/1606"}],"collection":[{"href":"https:\/\/isfd78-bue.infd.edu.ar\/sitio\/wp-json\/wp\/v2\/pages"}],"about":[{"href":"https:\/\/isfd78-bue.infd.edu.ar\/sitio\/wp-json\/wp\/v2\/types\/page"}],"author":[{"embeddable":true,"href":"https:\/\/isfd78-bue.infd.edu.ar\/sitio\/wp-json\/wp\/v2\/users\/364"}],"replies":[{"embeddable":true,"href":"https:\/\/isfd78-bue.infd.edu.ar\/sitio\/wp-json\/wp\/v2\/comments?post=1606"}],"version-history":[{"count":165,"href":"https:\/\/isfd78-bue.infd.edu.ar\/sitio\/wp-json\/wp\/v2\/pages\/1606\/revisions"}],"predecessor-version":[{"id":2828,"href":"https:\/\/isfd78-bue.infd.edu.ar\/sitio\/wp-json\/wp\/v2\/pages\/1606\/revisions\/2828"}],"wp:attachment":[{"href":"https:\/\/isfd78-bue.infd.edu.ar\/sitio\/wp-json\/wp\/v2\/media?parent=1606"}],"curies":[{"name":"wp","href":"https:\/\/api.w.org\/{rel}","templated":true}]}}