{"id":1714,"date":"2021-02-25T23:33:34","date_gmt":"2021-02-26T02:33:34","guid":{"rendered":"https:\/\/isfd78-bue.infd.edu.ar\/sitio\/?page_id=1714"},"modified":"2026-03-13T20:30:10","modified_gmt":"2026-03-13T23:30:10","slug":"equipo-de-preceptores","status":"publish","type":"page","link":"https:\/\/isfd78-bue.infd.edu.ar\/sitio\/equipo-de-preceptores\/","title":{"rendered":"Equipo de Preceptores"},"content":{"rendered":"<table width=\"621\">\n<tbody>\n<tr>\n<td style=\"text-align: center;\" width=\"262\"><strong>Carrera<\/strong><\/td>\n<td style=\"text-align: center;\" width=\"132\"><strong>Preceptor<\/strong><\/td>\n<td width=\"227\">\n<p style=\"text-align: center;\"><strong>Contacto<\/strong><\/p>\n<\/td>\n<\/tr>\n<tr>\n<td width=\"262\">Profesorado de Educaci\u00f3n Primaria<\/td>\n<td width=\"132\">Lorena Techera<\/td>\n<td width=\"227\">mtechera@abc.gob.ar<\/td>\n<\/tr>\n<tr>\n<td width=\"262\">Profesorado de Educaci\u00f3n Secundaria en Geograf\u00eda<\/td>\n<td width=\"132\">Lorena Techera<\/td>\n<td width=\"227\">mtechera@abc.gob.ar<\/td>\n<\/tr>\n<tr>\n<td width=\"262\">Profesorado de Educaci\u00f3n Inicial<\/td>\n<td width=\"132\">Laura Medrano<\/td>\n<td width=\"227\">mmedrano2@abc.gob.ar<\/td>\n<\/tr>\n<tr>\n<td width=\"262\">Profesorado de Educaci\u00f3n Secundaria en Ciencia Pol\u00edtica<\/td>\n<td width=\"132\">Lucrecia Burga<\/td>\n<td width=\"227\">lucreciaburga@abc.gob.ar<\/td>\n<\/tr>\n<tr>\n<td width=\"262\">Profesorado de Educaci\u00f3n Secundaria en Lengua y Literatura<\/td>\n<td width=\"132\">Lorena Lozano<\/td>\n<td width=\"227\">llozano7@abc.gob.ar<\/td>\n<\/tr>\n<tr>\n<td width=\"262\">Tecnicatura Superior en Psicopedagog\u00eda<\/td>\n<td width=\"132\">Lorena Lozano<\/td>\n<td width=\"227\">llozano7@abc.gob.ar<\/td>\n<\/tr>\n<tr>\n<td width=\"262\">Tecnicatura Superior en Administraci\u00f3n General\/ Tecnicatura Superior en administraci\u00f3n de PYMES<\/td>\n<td width=\"132\"><\/td>\n<td width=\"227\"><\/td>\n<\/tr>\n<tr>\n<td width=\"262\">Tecnicatura Superior en Enfermer\u00eda<\/td>\n<td width=\"132\"><\/td>\n<td width=\"227\"><\/td>\n<\/tr>\n<tr>\n<td width=\"262\">Tecnicatura Superior en Seguridad e Higiene\/ Tecnicatura Superior en Higiene, Seguridad y Ambiente Laboral<\/td>\n<td width=\"132\">Lucrecia Burga<\/td>\n<td width=\"227\">lucreciaburga@abc.gob.ar<\/td>\n<\/tr>\n<tr>\n<td width=\"262\">Profesorado de Educaci\u00f3n Secundaria en Biolog\u00eda<\/td>\n<td width=\"132\">Lorena Lozano\/Laura Medrano<\/td>\n<td width=\"227\">llozano7@abc.gob.ar\/mmedrano2@abc.gob.ar<\/td>\n<\/tr>\n<tr>\n<td width=\"262\"><\/td>\n<td width=\"132\"><\/td>\n<td width=\"227\"><\/td>\n<\/tr>\n<\/tbody>\n<\/table>\n","protected":false},"excerpt":{"rendered":"<p>Carrera Preceptor Contacto Profesorado de Educaci\u00f3n Primaria Lorena Techera mtechera@abc.gob.ar Profesorado de Educaci\u00f3n Secundaria en Geograf\u00eda Lorena Techera mtechera@abc.gob.ar Profesorado de Educaci\u00f3n Inicial Laura Medrano mmedrano2@abc.gob.ar Profesorado de Educaci\u00f3n Secundaria en Ciencia Pol\u00edtica Lucrecia Burga lucreciaburga@abc.gob.ar Profesorado de Educaci\u00f3n Secundaria en Lengua y Literatura Lorena Lozano llozano7@abc.gob.ar Tecnicatura Superior en Psicopedagog\u00eda Lorena Lozano llozano7@abc.gob.ar Tecnicatura &#8230; <a title=\"Equipo de Preceptores\" class=\"read-more\" href=\"https:\/\/isfd78-bue.infd.edu.ar\/sitio\/equipo-de-preceptores\/\" aria-label=\"More on Equipo de Preceptores\">[+]<\/a><\/p>\n","protected":false},"author":386,"featured_media":0,"parent":0,"menu_order":0,"comment_status":"closed","ping_status":"closed","template":"","meta":[],"acf":[],"_links":{"self":[{"href":"https:\/\/isfd78-bue.infd.edu.ar\/sitio\/wp-json\/wp\/v2\/pages\/1714"}],"collection":[{"href":"https:\/\/isfd78-bue.infd.edu.ar\/sitio\/wp-json\/wp\/v2\/pages"}],"about":[{"href":"https:\/\/isfd78-bue.infd.edu.ar\/sitio\/wp-json\/wp\/v2\/types\/page"}],"author":[{"embeddable":true,"href":"https:\/\/isfd78-bue.infd.edu.ar\/sitio\/wp-json\/wp\/v2\/users\/386"}],"replies":[{"embeddable":true,"href":"https:\/\/isfd78-bue.infd.edu.ar\/sitio\/wp-json\/wp\/v2\/comments?post=1714"}],"version-history":[{"count":12,"href":"https:\/\/isfd78-bue.infd.edu.ar\/sitio\/wp-json\/wp\/v2\/pages\/1714\/revisions"}],"predecessor-version":[{"id":2867,"href":"https:\/\/isfd78-bue.infd.edu.ar\/sitio\/wp-json\/wp\/v2\/pages\/1714\/revisions\/2867"}],"wp:attachment":[{"href":"https:\/\/isfd78-bue.infd.edu.ar\/sitio\/wp-json\/wp\/v2\/media?parent=1714"}],"curies":[{"name":"wp","href":"https:\/\/api.w.org\/{rel}","templated":true}]}}