{"id":810,"date":"2018-07-02T17:46:28","date_gmt":"2018-07-02T20:46:28","guid":{"rendered":"https:\/\/isfd78-bue.infd.edu.ar\/sitio\/carreras\/"},"modified":"2026-03-11T20:57:37","modified_gmt":"2026-03-11T23:57:37","slug":"carreras","status":"publish","type":"page","link":"https:\/\/isfd78-bue.infd.edu.ar\/sitio\/carreras\/","title":{"rendered":"Carreras"},"content":{"rendered":"<p><span style=\"color: #333399;\"><strong>PROFESORADOS<\/strong><\/span><\/p>\n<ul>\n<li>PROFESORADO DE EDUCACI\u00d3N PRIMARIA<\/li>\n<li>PROFESORADO DE EDUCACI\u00d3N INICIAL<\/li>\n<li>PROFESORADO DE EDUCACI\u00d3N SECUNDARIA EN CIENCIA POL\u00cdTICA<\/li>\n<li>PROFESORADO DE EDUCACI\u00d3N SECUNDARIA EN BIOLOG\u00cdA<\/li>\n<\/ul>\n<p><span style=\"color: #333399;\"><strong>TECNICATURAS<\/strong><\/span><\/p>\n<ul>\n<li><span style=\"color: #333333;\">TECNICATURA SUPERIOR EN ADMINISTRACI\u00d3N DE PYMES<\/span><\/li>\n<li>TECNICATURA SUPERIOR EN HIGIENE, SEGURIDAD Y AMBIENTE LABORAL<\/li>\n<li>TECNICATURA SUPERIOR EN PSICOPEDAGOG\u00cdA<\/li>\n<li>TECNICATURA SUPERIOR EN ENFERMER\u00cdA<\/li>\n<\/ul>\n<div class=\"WordSection1\">\n<p>\u00a0<\/p>\n<h4>\u00a0<\/h4>\n<p>\u00a0<\/p>\n<h4>\u00a0<\/h4>\n<p>\u00a0<\/p>\n<h4>\u00a0<\/h4>\n<p>\u00a0<\/p>\n<p>\u00a0<\/p>\n<h4>\u00a0<\/h4>\n<p>\u00a0<\/p>\n<p>\u00a0<\/p>\n<h4>\u00a0<\/h4>\n<p>\u00a0<\/p>\n<p>\u00a0<\/p>\n<h4>\u00a0<\/h4>\n<p>\u00a0<\/p>\n<p>\u00a0<\/p>\n<h4>\u00a0<\/h4>\n<p>\u00a0<\/p>\n<\/div>\n","protected":false},"excerpt":{"rendered":"<p>PROFESORADOS PROFESORADO DE EDUCACI\u00d3N PRIMARIA PROFESORADO DE EDUCACI\u00d3N INICIAL PROFESORADO DE EDUCACI\u00d3N SECUNDARIA EN CIENCIA POL\u00cdTICA PROFESORADO DE EDUCACI\u00d3N SECUNDARIA EN BIOLOG\u00cdA TECNICATURAS TECNICATURA SUPERIOR EN ADMINISTRACI\u00d3N DE PYMES TECNICATURA SUPERIOR EN HIGIENE, SEGURIDAD Y AMBIENTE LABORAL TECNICATURA SUPERIOR EN PSICOPEDAGOG\u00cdA TECNICATURA SUPERIOR EN ENFERMER\u00cdA \u00a0 \u00a0 \u00a0 \u00a0 \u00a0 \u00a0 \u00a0 \u00a0 \u00a0 \u00a0 &#8230; <a title=\"Carreras\" class=\"read-more\" href=\"https:\/\/isfd78-bue.infd.edu.ar\/sitio\/carreras\/\" aria-label=\"More on Carreras\">[+]<\/a><\/p>\n","protected":false},"author":431,"featured_media":0,"parent":0,"menu_order":0,"comment_status":"closed","ping_status":"closed","template":"","meta":[],"acf":[],"_links":{"self":[{"href":"https:\/\/isfd78-bue.infd.edu.ar\/sitio\/wp-json\/wp\/v2\/pages\/810"}],"collection":[{"href":"https:\/\/isfd78-bue.infd.edu.ar\/sitio\/wp-json\/wp\/v2\/pages"}],"about":[{"href":"https:\/\/isfd78-bue.infd.edu.ar\/sitio\/wp-json\/wp\/v2\/types\/page"}],"author":[{"embeddable":true,"href":"https:\/\/isfd78-bue.infd.edu.ar\/sitio\/wp-json\/wp\/v2\/users\/431"}],"replies":[{"embeddable":true,"href":"https:\/\/isfd78-bue.infd.edu.ar\/sitio\/wp-json\/wp\/v2\/comments?post=810"}],"version-history":[{"count":20,"href":"https:\/\/isfd78-bue.infd.edu.ar\/sitio\/wp-json\/wp\/v2\/pages\/810\/revisions"}],"predecessor-version":[{"id":2856,"href":"https:\/\/isfd78-bue.infd.edu.ar\/sitio\/wp-json\/wp\/v2\/pages\/810\/revisions\/2856"}],"wp:attachment":[{"href":"https:\/\/isfd78-bue.infd.edu.ar\/sitio\/wp-json\/wp\/v2\/media?parent=810"}],"curies":[{"name":"wp","href":"https:\/\/api.w.org\/{rel}","templated":true}]}}