{"id":831,"date":"2018-07-02T17:46:37","date_gmt":"2018-07-02T20:46:37","guid":{"rendered":"https:\/\/isfd78-bue.infd.edu.ar\/sitio\/docentes\/"},"modified":"2026-03-12T19:41:33","modified_gmt":"2026-03-12T22:41:33","slug":"docentes","status":"publish","type":"page","link":"https:\/\/isfd78-bue.infd.edu.ar\/sitio\/docentes\/","title":{"rendered":"Docentes"},"content":{"rendered":"<h3><strong><a name=\"indice\"><\/a>Indice <a href=\"#A\"> A<\/a> <a href=\"#B\">B<\/a> <a href=\"#C\">C<\/a> <a href=\"#D\">D<\/a> <a href=\"#E\">E<\/a> <a href=\"#F\">F<\/a> <a href=\"#G\">G<\/a> <a href=\"#H\">H<\/a> <a href=\"#I\">I<\/a> <a href=\"#J\">J<\/a> <a href=\"#K\">K<\/a> <a href=\"#L\">L<\/a> <a href=\"#M\">M<\/a> <a href=\"#N\">N<\/a> <a href=\"#O\">O<\/a> <a href=\"#P\">P<\/a> <a href=\"#Q\">Q<\/a> <a href=\"#R\">R<\/a> <a href=\"#S\">S<\/a> <a href=\"#T\">T<\/a> <a href=\"#U\">U<\/a> <a href=\"#V\">V<\/a> <a href=\"#W\">W<\/a> <a href=\"#X\">X<\/a> <a href=\"#Y\">Y<\/a> <a href=\"#Z\">Z<\/a><\/strong><\/h3>\n<h4><strong><a name=\"A\"><\/a>A<\/strong><\/h4>\n<table width=\"236\" data-sheets-root=\"1\" data-sheets-baot=\"1\">\n<tbody>\n<tr>\n<td width=\"236\">ABELARDO, CAROLINA<\/td>\n<\/tr>\n<tr>\n<td width=\"236\">ACOSTA, MART\u00cdN<\/td>\n<\/tr>\n<tr>\n<td width=\"236\">AGUILAR, ANA<\/td>\n<\/tr>\n<tr>\n<td width=\"236\">AHLEFELD, OSVALDO<\/td>\n<\/tr>\n<tr>\n<td width=\"236\">ALBERTINO, CLAUDIA<\/td>\n<\/tr>\n<tr>\n<td width=\"236\">ALFONSO, ARMANDO<\/td>\n<\/tr>\n<tr>\n<td width=\"236\">ALFONSO, M\u00d3NICA<\/td>\n<\/tr>\n<tr>\n<td width=\"236\">ALONSO, CRISTINA<\/td>\n<\/tr>\n<tr>\n<td width=\"236\">ALONSO, MARIANELA<\/td>\n<\/tr>\n<tr>\n<td width=\"236\">AMADO, ANA DEL CIELO<\/td>\n<\/tr>\n<tr>\n<td width=\"236\">AMARANTE, MAR\u00cdA JOS\u00c9<\/td>\n<\/tr>\n<tr>\n<td width=\"236\"><\/td>\n<\/tr>\n<tr>\n<td width=\"236\">ANDRADA, SOLEDAD<\/td>\n<\/tr>\n<tr>\n<td width=\"236\">ARR\u00daE, GABRIELA<\/td>\n<\/tr>\n<tr>\n<td width=\"236\">AUDAGNO, ANALIA<\/td>\n<\/tr>\n<tr>\n<td width=\"236\">AZANZA, MARISA<\/td>\n<\/tr>\n<\/tbody>\n<\/table>\n<p><strong><a href=\"#indice\">volver<\/a><\/strong><\/p>\n<h4><strong><a name=\"B\"><\/a>B<\/strong><\/h4>\n<table width=\"236\">\n<tbody>\n<tr>\n<td width=\"236\">BALERDI, CELESTE<\/td>\n<\/tr>\n<tr>\n<td width=\"236\">BANFI, SILVIA<\/td>\n<\/tr>\n<tr>\n<td width=\"236\">BARC\u00daS, ITAT\u00cd<\/td>\n<\/tr>\n<tr>\n<td width=\"236\">BARENGHI, NORA<\/td>\n<\/tr>\n<tr>\n<td width=\"236\">BARGAS, MICAELA<\/td>\n<\/tr>\n<tr>\n<td width=\"236\">BERLESE, JUAN<\/td>\n<\/tr>\n<tr>\n<td width=\"236\">BIANCHI, PABLO<\/td>\n<\/tr>\n<tr>\n<td width=\"236\">BIBINI, DANIELA<\/td>\n<\/tr>\n<tr>\n<td width=\"236\">BLANCO, YANINA<\/td>\n<\/tr>\n<tr>\n<td width=\"236\">BOAR\u00d3N, MARTA<\/p>\n<p>BRAVO CLAUDIA<\/td>\n<\/tr>\n<tr>\n<td width=\"236\">BUSTAMANTE, NANCY PATRICIA<\/td>\n<\/tr>\n<\/tbody>\n<\/table>\n<p><strong><a href=\"#indice\">volver<\/a><\/strong><\/p>\n<h4><strong><a name=\"C\"><\/a>C<\/strong><\/h4>\n<table width=\"236\">\n<tbody>\n<tr>\n<td width=\"236\">CAMERA, SAMANTA<\/td>\n<\/tr>\n<tr>\n<td width=\"236\">CANDELA, VER\u00d3NICA<\/td>\n<\/tr>\n<tr>\n<td width=\"236\">CAROBINI, VANESA<\/td>\n<\/tr>\n<tr>\n<td width=\"236\"><\/td>\n<\/tr>\n<tr>\n<td width=\"236\">CASTA\u00d1EDA, JUAN RAM\u00d3N<\/td>\n<\/tr>\n<tr>\n<td width=\"236\">CEBALLOS, ELIANA<\/td>\n<\/tr>\n<tr>\n<td width=\"236\">CHAC\u00d3N, MARIANA<\/td>\n<\/tr>\n<tr>\n<td width=\"236\">CHUA HALFIN, SHEILA<\/td>\n<\/tr>\n<tr>\n<td width=\"236\">CORNEJO, CARLOS<\/td>\n<\/tr>\n<tr>\n<td width=\"236\">CORT\u00c9S, CECILIA<\/td>\n<\/tr>\n<tr>\n<td width=\"236\">CUELLO, OMAR<\/td>\n<\/tr>\n<\/tbody>\n<\/table>\n<p><strong><a href=\"#indice\">volver<\/a><\/strong><\/p>\n<h4><strong><a name=\"D\"><\/a>D<\/strong><\/h4>\n<table width=\"236\">\n<tbody>\n<tr>\n<td width=\"236\">DE VILLA, GUILLERMINA<\/td>\n<\/tr>\n<tr>\n<td width=\"236\">DELETTIERES, MARIA CORINA<\/td>\n<\/tr>\n<tr>\n<td width=\"236\">DELL&#8217;IMAGINE, BEATRIZ<\/td>\n<\/tr>\n<tr>\n<td width=\"236\">DIPARDO, ANA<\/td>\n<\/tr>\n<tr>\n<td width=\"236\">DOMINGUEZ, VALERIA<\/td>\n<\/tr>\n<\/tbody>\n<\/table>\n<p><strong><a href=\"#indice\">volver<\/a><\/strong><\/p>\n<h4><strong><a name=\"E\"><\/a>E<\/strong><\/h4>\n<table width=\"236\">\n<tbody>\n<tr>\n<td width=\"236\">ECHAVE, MAR\u00cdA<\/td>\n<\/tr>\n<tr>\n<td width=\"236\">ELIAS, GUILLERMO<\/td>\n<\/tr>\n<tr>\n<td width=\"236\">ELIZALDE, ESTEFANIA<\/td>\n<\/tr>\n<tr>\n<td width=\"236\">ELIZALDE, LAURA<\/td>\n<\/tr>\n<tr>\n<td width=\"236\">ETULAIN, ESTEFAN\u00ccA<\/td>\n<\/tr>\n<\/tbody>\n<\/table>\n<p><strong><a href=\"#indice\">volver<\/a><\/strong><\/p>\n<h4><strong><a name=\"F\"><\/a>F<\/strong><\/h4>\n<table style=\"height: 212px;\" width=\"871\">\n<tbody>\n<tr>\n<td width=\"236\">FERNANDEZ, CARLOS DANIEL<\/td>\n<\/tr>\n<tr>\n<td width=\"236\">FRACCARO, ROSANA<\/td>\n<\/tr>\n<tr>\n<td width=\"236\">FRAILE, FLORENCIO<\/td>\n<\/tr>\n<tr>\n<td width=\"236\">FRANCO, N\u00c9STOR<\/td>\n<\/tr>\n<tr>\n<td width=\"236\">FRENDO, CINTIA<\/td>\n<\/tr>\n<\/tbody>\n<\/table>\n<p><strong><a href=\"#indice\">volver<\/a><\/strong><\/p>\n<h4><strong><a name=\"G\"><\/a>G<\/strong><\/h4>\n<table width=\"236\">\n<tbody>\n<tr>\n<td width=\"236\">GALINELLI, LETICIA<\/td>\n<\/tr>\n<tr>\n<td width=\"236\">GALLINA, ISABEL<\/td>\n<\/tr>\n<tr>\n<td width=\"236\">GARATTE, CECILIA<\/td>\n<\/tr>\n<tr>\n<td width=\"236\">GARC\u00cdA, HORACIO CESAR<\/td>\n<\/tr>\n<tr>\n<td width=\"236\">GARC\u00cdA, NORA<\/td>\n<\/tr>\n<tr>\n<td width=\"236\">GARC\u00cdA, RAFAEL<\/td>\n<\/tr>\n<tr>\n<td width=\"236\">GERARDI, MAR\u00cdA FERNANDA<\/td>\n<\/tr>\n<tr>\n<td width=\"236\">GIGENA, CAMILA<\/td>\n<\/tr>\n<tr>\n<td width=\"236\">GIM\u00c9NEZ, MAR\u00cdA DEL ROSARIO<\/td>\n<\/tr>\n<tr>\n<td width=\"236\">GRIN, DIEGO<\/td>\n<\/tr>\n<\/tbody>\n<\/table>\n<p><strong><a href=\"#indice\">volver<\/a><\/strong><\/p>\n<h4><strong><a name=\"I\"><\/a>H-I<\/strong><\/h4>\n<table width=\"236\">\n<tbody>\n<tr>\n<td width=\"236\">HELFER, MARCELA<\/td>\n<\/tr>\n<tr>\n<td width=\"236\">IBA\u00d1EZ, ANA<\/td>\n<\/tr>\n<tr>\n<td width=\"236\">IRIGOIT\u00cdA, PABLO<\/td>\n<\/tr>\n<tr>\n<td width=\"236\">ISE, ALEJANDRA<\/td>\n<\/tr>\n<\/tbody>\n<\/table>\n<p><strong><a href=\"#indice\">volver<\/a><\/strong><\/p>\n<h4><strong><a name=\"L\"><\/a>L<\/strong><\/h4>\n<table width=\"236\">\n<tbody>\n<tr>\n<td width=\"236\">LABAQUI, LILI\u00c1N<\/td>\n<\/tr>\n<tr>\n<td width=\"236\">LETONA, ROMINA<\/td>\n<\/tr>\n<tr>\n<td width=\"236\">LOZZIA ANAL\u00cdA<\/p>\n<p>LOZZIA, SILVANA<\/td>\n<\/tr>\n<\/tbody>\n<\/table>\n<p><strong><a href=\"#indice\">volver<\/a><\/strong><\/p>\n<h4><strong><a name=\"M\"><\/a>M<\/strong><\/h4>\n<table width=\"236\">\n<tbody>\n<tr>\n<td width=\"236\">MACIAS, LUCRECIA<\/td>\n<\/tr>\n<tr>\n<td width=\"236\">MACIAS, MAR\u00cdA DEL CARMEN<\/td>\n<\/tr>\n<tr>\n<td width=\"236\">MAHMET, FERNANDO<\/td>\n<\/tr>\n<tr>\n<td width=\"236\">MARINO, ANDREA<\/td>\n<\/tr>\n<tr>\n<td width=\"236\">MARINO, DIEGO<\/td>\n<\/tr>\n<tr>\n<td width=\"236\">MARTA, LEONARDO<\/td>\n<\/tr>\n<tr>\n<td width=\"236\">MARTINELLI, SANDRA<\/td>\n<\/tr>\n<tr>\n<td width=\"236\">MELO, MAGDALENA<\/td>\n<\/tr>\n<tr>\n<td width=\"236\">MELO, VANESA<\/td>\n<\/tr>\n<tr>\n<td width=\"236\">MENDOZA, CAROLINA<\/td>\n<\/tr>\n<tr>\n<td width=\"236\">MERCADO, GABRIELA<\/td>\n<\/tr>\n<tr>\n<td width=\"236\">MERCADO, PAULA<\/td>\n<\/tr>\n<tr>\n<td width=\"236\">MERONI, DANIELA<\/td>\n<\/tr>\n<tr>\n<td width=\"236\">MOLINA, M\u00c1XIMA<\/td>\n<\/tr>\n<tr>\n<td width=\"236\">MONZA, ESTEFAN\u00cdA<\/td>\n<\/tr>\n<tr>\n<td width=\"236\">MUNAR, LORENA<\/td>\n<\/tr>\n<tr>\n<td width=\"236\">MURUAGA, YESICA<\/td>\n<\/tr>\n<\/tbody>\n<\/table>\n<p><strong><a href=\"#indice\">volver<\/a><\/strong><\/p>\n<h4><strong><a name=\"N\"><\/a>N<\/strong><\/h4>\n<p><strong><a href=\"#indice\">volver<\/a><\/strong><\/p>\n<h4><strong><a name=\"P\"><\/a>P<\/strong><\/h4>\n<table width=\"236\">\n<tbody>\n<tr>\n<td width=\"236\">PAEZ, LUCIANA<\/td>\n<\/tr>\n<tr>\n<td width=\"236\">PECORELLI, MAXIMILIANO<\/td>\n<\/tr>\n<tr>\n<td width=\"236\">PE\u00d1A, MAR\u00cdA ALICIA<\/td>\n<\/tr>\n<tr>\n<td width=\"236\">PEREZ, CRISTINA<\/td>\n<\/tr>\n<tr>\n<td width=\"236\">PERSICHINI, CLARISA<\/td>\n<\/tr>\n<tr>\n<td width=\"236\">PESCHEL, GISELA<\/td>\n<\/tr>\n<tr>\n<td width=\"236\">PICO, LAURA<\/td>\n<\/tr>\n<tr>\n<td width=\"236\">PICO, MAR\u00cdA<\/td>\n<\/tr>\n<tr>\n<td width=\"236\">PIERONI, CRISTIAN<\/td>\n<\/tr>\n<tr>\n<td width=\"236\">PODEST\u00c1, MAR\u00cdA<\/td>\n<\/tr>\n<tr>\n<td width=\"236\">PORTINARO, LAURA<\/td>\n<\/tr>\n<\/tbody>\n<\/table>\n<p><strong><a href=\"#indice\">volver<\/a><\/strong><\/p>\n<h4><strong><a name=\"R\"><\/a>R<\/strong><\/h4>\n<table width=\"236\">\n<tbody>\n<tr>\n<td width=\"236\">RAMOS, MAR\u00cdA<\/td>\n<\/tr>\n<tr>\n<td width=\"236\">RATO, ROSA<\/td>\n<\/tr>\n<tr>\n<td width=\"236\">RIVAS, JUAN DIEGO<\/td>\n<\/tr>\n<tr>\n<td width=\"236\">RIZZATO, MARTA<\/td>\n<\/tr>\n<tr>\n<td width=\"236\">RIZZO, FERNANDO<\/td>\n<\/tr>\n<tr>\n<td width=\"236\">RODRIGO, ANDREA<\/td>\n<\/tr>\n<tr>\n<td width=\"236\">ROMERO, MARIANELA<\/td>\n<\/tr>\n<tr>\n<td width=\"236\">ROMERO, SONIA<\/td>\n<\/tr>\n<\/tbody>\n<\/table>\n<p><strong><a href=\"#indice\">volver<\/a><\/strong><\/p>\n<h4><strong><a name=\"S\"><\/a>S<\/strong><\/h4>\n<table width=\"236\">\n<tbody>\n<tr>\n<td width=\"236\">SAINTPIERRE, MAR\u00cdA PAZ<\/td>\n<\/tr>\n<tr>\n<td width=\"236\">SANTILLAN, GABRIELA<\/td>\n<\/tr>\n<tr>\n<td width=\"236\">SCAFFA, M\u00d3NICA<\/td>\n<\/tr>\n<tr>\n<td width=\"236\">SENESI, ROMINA<\/td>\n<\/tr>\n<tr>\n<td width=\"236\">SOLDAVILA, ANAL\u00cdA<\/td>\n<\/tr>\n<tr>\n<td width=\"236\">SOSA, FLORENCIA<\/td>\n<\/tr>\n<\/tbody>\n<\/table>\n<p><strong><a href=\"#indice\">volver<\/a><\/strong><\/p>\n<h4><strong><a name=\"T\"><\/a>T<\/strong><\/h4>\n<p><strong><a href=\"#indice\">volver<\/a><\/strong><\/p>\n<h4><strong><a name=\"V\"><\/a>V -Z<\/strong><\/h4>\n<table width=\"236\">\n<tbody>\n<tr>\n<td width=\"236\">VECCHIARTO, MARIEL<\/td>\n<\/tr>\n<tr>\n<td width=\"236\">VERA, MIRTA<\/td>\n<\/tr>\n<tr>\n<td width=\"236\">VIEIRA, LUCAS<\/td>\n<\/tr>\n<tr>\n<td width=\"236\">VILLALBA, RAUL<\/td>\n<\/tr>\n<tr>\n<td width=\"236\">VIOTTI, SOLEDAD<\/td>\n<\/tr>\n<tr>\n<td width=\"236\">VIUBLIOMENT, JORGE<\/td>\n<\/tr>\n<\/tbody>\n<\/table>\n<table width=\"236\">\n<tbody>\n<tr>\n<td width=\"236\">ZANONA, FERNANDO<\/td>\n<\/tr>\n<\/tbody>\n<\/table>\n<p><strong><a href=\"#indice\">volver<\/a><\/strong><\/p>\n","protected":false},"excerpt":{"rendered":"<p>Indice A B C D E F G H I J K L M N O P Q R S T U V W X Y Z A ABELARDO, CAROLINA ACOSTA, MART\u00cdN AGUILAR, ANA AHLEFELD, OSVALDO ALBERTINO, CLAUDIA ALFONSO, ARMANDO ALFONSO, M\u00d3NICA ALONSO, CRISTINA ALONSO, MARIANELA AMADO, ANA DEL CIELO AMARANTE, MAR\u00cdA JOS\u00c9 ANDRADA, SOLEDAD &#8230; <a title=\"Docentes\" class=\"read-more\" href=\"https:\/\/isfd78-bue.infd.edu.ar\/sitio\/docentes\/\" aria-label=\"More on Docentes\">[+]<\/a><\/p>\n","protected":false},"author":431,"featured_media":0,"parent":0,"menu_order":0,"comment_status":"closed","ping_status":"closed","template":"","meta":[],"acf":[],"_links":{"self":[{"href":"https:\/\/isfd78-bue.infd.edu.ar\/sitio\/wp-json\/wp\/v2\/pages\/831"}],"collection":[{"href":"https:\/\/isfd78-bue.infd.edu.ar\/sitio\/wp-json\/wp\/v2\/pages"}],"about":[{"href":"https:\/\/isfd78-bue.infd.edu.ar\/sitio\/wp-json\/wp\/v2\/types\/page"}],"author":[{"embeddable":true,"href":"https:\/\/isfd78-bue.infd.edu.ar\/sitio\/wp-json\/wp\/v2\/users\/431"}],"replies":[{"embeddable":true,"href":"https:\/\/isfd78-bue.infd.edu.ar\/sitio\/wp-json\/wp\/v2\/comments?post=831"}],"version-history":[{"count":6,"href":"https:\/\/isfd78-bue.infd.edu.ar\/sitio\/wp-json\/wp\/v2\/pages\/831\/revisions"}],"predecessor-version":[{"id":2866,"href":"https:\/\/isfd78-bue.infd.edu.ar\/sitio\/wp-json\/wp\/v2\/pages\/831\/revisions\/2866"}],"wp:attachment":[{"href":"https:\/\/isfd78-bue.infd.edu.ar\/sitio\/wp-json\/wp\/v2\/media?parent=831"}],"curies":[{"name":"wp","href":"https:\/\/api.w.org\/{rel}","templated":true}]}}