{"id":835,"date":"2018-07-02T17:46:39","date_gmt":"2018-07-02T20:46:39","guid":{"rendered":"https:\/\/isfd78-bue.infd.edu.ar\/sitio\/autoridades\/"},"modified":"2023-06-09T20:46:52","modified_gmt":"2023-06-09T23:46:52","slug":"autoridades","status":"publish","type":"page","link":"https:\/\/isfd78-bue.infd.edu.ar\/sitio\/autoridades\/","title":{"rendered":"Autoridades"},"content":{"rendered":"<div>\n<ul>\n<li><span style=\"font-family: Calibri; font-size: 14pt;\"><strong><em>DIRECTOR INSTITUCIONAL<\/em><\/strong><\/span><\/li>\n<\/ul>\n<p><span style=\"font-size: 12pt;\"><em><span style=\"font-family: Calibri;\">\u00a0Albertino, Claudia<\/span><\/em><\/span><\/p>\n<ul>\n<li><span style=\"font-family: Calibri; font-size: 14pt;\"><strong><em>VICEDIRECTOR INSTITUCIONAL<\/em><\/strong><\/span><\/li>\n<\/ul>\n<p>Cesetti, Miguel Angel<\/p>\n<ul>\n<li><span style=\"font-family: Calibri; font-size: 14pt;\"><strong><em>SECRETARIO INSTITUCIONAL<\/em><\/strong><\/span><\/li>\n<\/ul>\n<p><span style=\"font-size: 12pt;\"><em><span style=\"font-family: Calibri;\">\u00a0\u00a0Bozzo, M\u00f3nica<\/span><\/em><\/span><\/p>\n<ul>\n<li><span style=\"font-family: Calibri; font-size: 14pt;\"><strong><em>PRO SECRETARIA I.S.F.D. y T. N\u00b0 78<\/em><\/strong><\/span><\/li>\n<\/ul>\n<p><span style=\"font-size: 12pt;\"><em><span style=\"font-family: Calibri;\">\u00a0 Mercado, Gabriela<\/span><\/em><\/span><\/p>\n<ul>\n<li><span style=\"font-family: Calibri; font-size: 14pt;\"><strong><em>JEFE DE \u00c1REA I.S.F.D. y T. N\u00b0 78 PROFESORADOS<\/em><\/strong><\/span><\/li>\n<\/ul>\n<p><em>\u00a0 \u00a0 Meroni, Daniela.<\/em><\/p>\n<ul>\n<li><span style=\"font-family: Calibri; font-size: 14pt;\"><strong><em>JEFE DE \u00c1REA I.S.F.D. y T. N\u00b0 78 TECNICATURAS<\/em><\/strong><\/span><\/li>\n<\/ul>\n<p>Iba\u00f1ez, Ana.<\/p>\n<ul>\n<li><span style=\"font-family: Calibri; font-size: 14pt;\"><strong><em>Encargado de Medios y Apoyo T\u00e9cnico Pedag\u00f3gico (EMATP)<\/em><\/strong><\/span><\/li>\n<\/ul>\n<p>Elizalde, Laura \/ Casta\u00f1eda, Juan.<\/p>\n<ul>\n<li><span style=\"font-family: Calibri; font-size: 14pt;\"><strong><em>COORDINADORA DE POL\u00cdTICAS ESTUDIANTILES<\/em><\/strong><\/span><\/li>\n<\/ul>\n<p><span style=\"font-size: 12pt;\"><em><span style=\"font-family: Calibri;\">\u00a0 Viotti, Sol.<\/span><\/em><\/span><\/p>\n<\/div>\n","protected":false},"excerpt":{"rendered":"<p>DIRECTOR INSTITUCIONAL \u00a0Albertino, Claudia VICEDIRECTOR INSTITUCIONAL Cesetti, Miguel Angel SECRETARIO INSTITUCIONAL \u00a0\u00a0Bozzo, M\u00f3nica PRO SECRETARIA I.S.F.D. y T. N\u00b0 78 \u00a0 Mercado, Gabriela JEFE DE \u00c1REA I.S.F.D. y T. N\u00b0 78 PROFESORADOS \u00a0 \u00a0 Meroni, Daniela. JEFE DE \u00c1REA I.S.F.D. y T. N\u00b0 78 TECNICATURAS Iba\u00f1ez, Ana. Encargado de Medios y Apoyo T\u00e9cnico Pedag\u00f3gico (EMATP) &#8230; <a title=\"Autoridades\" class=\"read-more\" href=\"https:\/\/isfd78-bue.infd.edu.ar\/sitio\/autoridades\/\" aria-label=\"More on Autoridades\">[+]<\/a><\/p>\n","protected":false},"author":431,"featured_media":0,"parent":0,"menu_order":0,"comment_status":"closed","ping_status":"closed","template":"","meta":[],"acf":[],"_links":{"self":[{"href":"https:\/\/isfd78-bue.infd.edu.ar\/sitio\/wp-json\/wp\/v2\/pages\/835"}],"collection":[{"href":"https:\/\/isfd78-bue.infd.edu.ar\/sitio\/wp-json\/wp\/v2\/pages"}],"about":[{"href":"https:\/\/isfd78-bue.infd.edu.ar\/sitio\/wp-json\/wp\/v2\/types\/page"}],"author":[{"embeddable":true,"href":"https:\/\/isfd78-bue.infd.edu.ar\/sitio\/wp-json\/wp\/v2\/users\/431"}],"replies":[{"embeddable":true,"href":"https:\/\/isfd78-bue.infd.edu.ar\/sitio\/wp-json\/wp\/v2\/comments?post=835"}],"version-history":[{"count":5,"href":"https:\/\/isfd78-bue.infd.edu.ar\/sitio\/wp-json\/wp\/v2\/pages\/835\/revisions"}],"predecessor-version":[{"id":2223,"href":"https:\/\/isfd78-bue.infd.edu.ar\/sitio\/wp-json\/wp\/v2\/pages\/835\/revisions\/2223"}],"wp:attachment":[{"href":"https:\/\/isfd78-bue.infd.edu.ar\/sitio\/wp-json\/wp\/v2\/media?parent=835"}],"curies":[{"name":"wp","href":"https:\/\/api.w.org\/{rel}","templated":true}]}}