{"id":849,"date":"2018-07-02T17:46:43","date_gmt":"2018-07-02T20:46:43","guid":{"rendered":"https:\/\/isfd78-bue.infd.edu.ar\/sitio\/bibliografia-para-la-construccion-de-la-catedra\/"},"modified":"2026-03-27T22:10:04","modified_gmt":"2026-03-28T01:10:04","slug":"bibliografia-para-la-construccion-de-la-catedra","status":"publish","type":"page","link":"https:\/\/isfd78-bue.infd.edu.ar\/sitio\/bibliografia-para-la-construccion-de-la-catedra\/","title":{"rendered":"Bibliograf\u00eda para la construcci\u00f3n de la c\u00e1tedra"},"content":{"rendered":"<p><a href=\"https:\/\/drive.google.com\/drive\/folders\/1KipZ2s3M21L5vppdc8W2fJ7FHYFv02qi?usp=sharing\">MATERIAL DE LECTURA PARA LA ELABORACI\u00d3N DE PROYECTOS<\/a><\/p>\n","protected":false},"excerpt":{"rendered":"<p>MATERIAL DE LECTURA PARA LA ELABORACI\u00d3N DE PROYECTOS<\/p>\n","protected":false},"author":431,"featured_media":0,"parent":0,"menu_order":0,"comment_status":"closed","ping_status":"closed","template":"","meta":[],"acf":[],"_links":{"self":[{"href":"https:\/\/isfd78-bue.infd.edu.ar\/sitio\/wp-json\/wp\/v2\/pages\/849"}],"collection":[{"href":"https:\/\/isfd78-bue.infd.edu.ar\/sitio\/wp-json\/wp\/v2\/pages"}],"about":[{"href":"https:\/\/isfd78-bue.infd.edu.ar\/sitio\/wp-json\/wp\/v2\/types\/page"}],"author":[{"embeddable":true,"href":"https:\/\/isfd78-bue.infd.edu.ar\/sitio\/wp-json\/wp\/v2\/users\/431"}],"replies":[{"embeddable":true,"href":"https:\/\/isfd78-bue.infd.edu.ar\/sitio\/wp-json\/wp\/v2\/comments?post=849"}],"version-history":[{"count":12,"href":"https:\/\/isfd78-bue.infd.edu.ar\/sitio\/wp-json\/wp\/v2\/pages\/849\/revisions"}],"predecessor-version":[{"id":2910,"href":"https:\/\/isfd78-bue.infd.edu.ar\/sitio\/wp-json\/wp\/v2\/pages\/849\/revisions\/2910"}],"wp:attachment":[{"href":"https:\/\/isfd78-bue.infd.edu.ar\/sitio\/wp-json\/wp\/v2\/media?parent=849"}],"curies":[{"name":"wp","href":"https:\/\/api.w.org\/{rel}","templated":true}]}}