{"id":858,"date":"2018-07-02T17:46:46","date_gmt":"2018-07-02T20:46:46","guid":{"rendered":"https:\/\/isfd78-bue.infd.edu.ar\/sitio\/tecnicatura-en-administracion-general\/"},"modified":"2026-02-27T20:01:07","modified_gmt":"2026-02-27T23:01:07","slug":"tecnicatura-en-administracion-general","status":"publish","type":"page","link":"https:\/\/isfd78-bue.infd.edu.ar\/sitio\/tecnicatura-en-administracion-general\/","title":{"rendered":"Tecnicatura Superior en Administraci\u00f3n de PYMES"},"content":{"rendered":"<p><a href=\"https:\/\/drive.google.com\/file\/d\/1E8aV7CKKbI-TdUhojD7BLzuMMhM46eKl\/view?usp=sharing\">Dise\u00f1o Curricular de la Tecnicatura Superior en Administraci\u00f3n de PYMES<\/a><\/p>\n<p>PERFIL DEL EGRESADO<\/p>\n<p>La\/El T\u00e9cnica\/o Superior en Administraci\u00f3n de PYMES estar\u00e1 capacitada\/o para desarrollar procesos t\u00e9cnico espec\u00edficos en planeamiento, organizaci\u00f3n, gesti\u00f3n, y control de los sistemas y \u00e1reas comerciales, operacionales de producci\u00f3n, econ\u00f3mico-<br \/>financieras, de recursos humanos, sistemas de informaci\u00f3n y sistemas de toma de decisiones estrat\u00e9gicas de las empresas, en forma interna y externa, presencial y remota, en interacci\u00f3n con el entorno. Estas capacidades ser\u00e1n desarrolladas seg\u00fan las incumbencias y las normas t\u00e9cnicas y legales que rigen su campo profesional. Estar\u00e1 capacitada\/o, adem\u00e1s, para ejercer habilidades transversales del campo de la comunicaci\u00f3n, la gesti\u00f3n de los conflictos que promuevan una buena convivencia en los equipos de trabajo, la gesti\u00f3n de la informaci\u00f3n y tecnolog\u00eda, el pensamiento cr\u00edtico, la innovaci\u00f3n y el aprendizaje, el compromiso social y ambiental, y la \u00e9tica profesional.<\/p>\n","protected":false},"excerpt":{"rendered":"<p>Dise\u00f1o Curricular de la Tecnicatura Superior en Administraci\u00f3n de PYMES PERFIL DEL EGRESADO La\/El T\u00e9cnica\/o Superior en Administraci\u00f3n de PYMES estar\u00e1 capacitada\/o para desarrollar procesos t\u00e9cnico espec\u00edficos en planeamiento, organizaci\u00f3n, gesti\u00f3n, y control de los sistemas y \u00e1reas comerciales, operacionales de producci\u00f3n, econ\u00f3mico-financieras, de recursos humanos, sistemas de informaci\u00f3n y sistemas de toma de decisiones &#8230; <a title=\"Tecnicatura Superior en Administraci\u00f3n de PYMES\" class=\"read-more\" href=\"https:\/\/isfd78-bue.infd.edu.ar\/sitio\/tecnicatura-en-administracion-general\/\" aria-label=\"More on Tecnicatura Superior en Administraci\u00f3n de PYMES\">[+]<\/a><\/p>\n","protected":false},"author":431,"featured_media":0,"parent":0,"menu_order":0,"comment_status":"closed","ping_status":"closed","template":"","meta":[],"acf":[],"_links":{"self":[{"href":"https:\/\/isfd78-bue.infd.edu.ar\/sitio\/wp-json\/wp\/v2\/pages\/858"}],"collection":[{"href":"https:\/\/isfd78-bue.infd.edu.ar\/sitio\/wp-json\/wp\/v2\/pages"}],"about":[{"href":"https:\/\/isfd78-bue.infd.edu.ar\/sitio\/wp-json\/wp\/v2\/types\/page"}],"author":[{"embeddable":true,"href":"https:\/\/isfd78-bue.infd.edu.ar\/sitio\/wp-json\/wp\/v2\/users\/431"}],"replies":[{"embeddable":true,"href":"https:\/\/isfd78-bue.infd.edu.ar\/sitio\/wp-json\/wp\/v2\/comments?post=858"}],"version-history":[{"count":2,"href":"https:\/\/isfd78-bue.infd.edu.ar\/sitio\/wp-json\/wp\/v2\/pages\/858\/revisions"}],"predecessor-version":[{"id":2839,"href":"https:\/\/isfd78-bue.infd.edu.ar\/sitio\/wp-json\/wp\/v2\/pages\/858\/revisions\/2839"}],"wp:attachment":[{"href":"https:\/\/isfd78-bue.infd.edu.ar\/sitio\/wp-json\/wp\/v2\/media?parent=858"}],"curies":[{"name":"wp","href":"https:\/\/api.w.org\/{rel}","templated":true}]}}