{"id":862,"date":"2018-07-02T17:46:48","date_gmt":"2018-07-02T20:46:48","guid":{"rendered":"https:\/\/isfd78-bue.infd.edu.ar\/sitio\/tecnicatura-en-higiene-y-seguridad-en-el-trabajo\/"},"modified":"2026-03-09T21:27:54","modified_gmt":"2026-03-10T00:27:54","slug":"tecnicatura-en-higiene-y-seguridad-en-el-trabajo","status":"publish","type":"page","link":"https:\/\/isfd78-bue.infd.edu.ar\/sitio\/tecnicatura-en-higiene-y-seguridad-en-el-trabajo\/","title":{"rendered":"Tecnicatura Superior en Higiene, Seguridad y Ambiente Laboral"},"content":{"rendered":"\n<p><\/p>\n\n\n<p><a href=\"https:\/\/drive.google.com\/file\/d\/10jebFj7qsUAQ8C8FsEJ-Pwbo17sZkNWN\/view?usp=sharing\">Res. 6183\/25<\/a><\/p>\n\n<p><img decoding=\"async\" loading=\"lazy\" class=\"alignnone size-medium wp-image-2845\" src=\"https:\/\/isfd78-bue.infd.edu.ar\/sitio\/wp-content\/uploads\/2026\/03\/tshsal-1000x669.webp\" alt=\"\" width=\"1000\" height=\"669\" srcset=\"https:\/\/isfd78-bue.infd.edu.ar\/sitio\/wp-content\/uploads\/2026\/03\/tshsal-1000x669.webp 1000w, https:\/\/isfd78-bue.infd.edu.ar\/sitio\/wp-content\/uploads\/2026\/03\/tshsal-768x514.webp 768w, https:\/\/isfd78-bue.infd.edu.ar\/sitio\/wp-content\/uploads\/2026\/03\/tshsal.webp 1024w\" sizes=\"(max-width: 1000px) 100vw, 1000px\" \/><\/p>\n\n<p><span style=\"color: #000080;\">PERFIL DEL EGRESADO<\/span><\/p>\n<p>Quienes egresan de la Tecnicatura Superior en Higiene, Seguridad y Ambiente Laboral est\u00e1n en condiciones de poner en juego capacidades tales como:<\/p>\n<ul>\n<li>Planificaci\u00f3n, dise\u00f1o, evaluaci\u00f3n y control de equipos, elementos, situaciones y \u00e1mbitos de trabajo<\/li>\n<li>Organizaci\u00f3n de actividades y gesti\u00f3n de los recursos vinculados a la Higiene y Seguridad en el trabajo<\/li>\n<li>Capacitaci\u00f3n y colaboraci\u00f3n en materia de Higiene y Seguridad en el trabajo<\/li>\n<\/ul>","protected":false},"excerpt":{"rendered":"<p>Res. 6183\/25 PERFIL DEL EGRESADO Quienes egresan de la Tecnicatura Superior en Higiene, Seguridad y Ambiente Laboral est\u00e1n en condiciones de poner en juego capacidades tales como: Planificaci\u00f3n, dise\u00f1o, evaluaci\u00f3n y control de equipos, elementos, situaciones y \u00e1mbitos de trabajo Organizaci\u00f3n de actividades y gesti\u00f3n de los recursos vinculados a la Higiene y Seguridad en &#8230; <a title=\"Tecnicatura Superior en Higiene, Seguridad y Ambiente Laboral\" class=\"read-more\" href=\"https:\/\/isfd78-bue.infd.edu.ar\/sitio\/tecnicatura-en-higiene-y-seguridad-en-el-trabajo\/\" aria-label=\"More on Tecnicatura Superior en Higiene, Seguridad y Ambiente Laboral\">[+]<\/a><\/p>\n","protected":false},"author":431,"featured_media":0,"parent":0,"menu_order":0,"comment_status":"closed","ping_status":"closed","template":"","meta":[],"acf":[],"_links":{"self":[{"href":"https:\/\/isfd78-bue.infd.edu.ar\/sitio\/wp-json\/wp\/v2\/pages\/862"}],"collection":[{"href":"https:\/\/isfd78-bue.infd.edu.ar\/sitio\/wp-json\/wp\/v2\/pages"}],"about":[{"href":"https:\/\/isfd78-bue.infd.edu.ar\/sitio\/wp-json\/wp\/v2\/types\/page"}],"author":[{"embeddable":true,"href":"https:\/\/isfd78-bue.infd.edu.ar\/sitio\/wp-json\/wp\/v2\/users\/431"}],"replies":[{"embeddable":true,"href":"https:\/\/isfd78-bue.infd.edu.ar\/sitio\/wp-json\/wp\/v2\/comments?post=862"}],"version-history":[{"count":2,"href":"https:\/\/isfd78-bue.infd.edu.ar\/sitio\/wp-json\/wp\/v2\/pages\/862\/revisions"}],"predecessor-version":[{"id":2846,"href":"https:\/\/isfd78-bue.infd.edu.ar\/sitio\/wp-json\/wp\/v2\/pages\/862\/revisions\/2846"}],"wp:attachment":[{"href":"https:\/\/isfd78-bue.infd.edu.ar\/sitio\/wp-json\/wp\/v2\/media?parent=862"}],"curies":[{"name":"wp","href":"https:\/\/api.w.org\/{rel}","templated":true}]}}