{"id":881,"date":"2018-07-02T17:46:54","date_gmt":"2018-07-02T20:46:54","guid":{"rendered":"https:\/\/isfd78-bue.infd.edu.ar\/sitio\/tecnicatura-superior-en-enfermeria\/"},"modified":"2026-03-09T21:08:58","modified_gmt":"2026-03-10T00:08:58","slug":"tecnicatura-superior-en-enfermeria","status":"publish","type":"page","link":"https:\/\/isfd78-bue.infd.edu.ar\/sitio\/tecnicatura-superior-en-enfermeria\/","title":{"rendered":"Tecnicatura Superior en Enfermer\u00eda"},"content":{"rendered":"<p><a href=\"https:\/\/drive.google.com\/file\/d\/17Z1GLwDd9JNxiKOgn-46NnC7GEN7m15V\/view?usp=sharing\">RESOL N\u00b0 854-2016<\/a><\/p>\n<p><img decoding=\"async\" loading=\"lazy\" class=\"alignnone size-full wp-image-2841\" src=\"https:\/\/isfd78-bue.infd.edu.ar\/sitio\/wp-content\/uploads\/2026\/03\/IMAGEN-ENFERMERIA.png\" alt=\"\" width=\"1000\" height=\"732\" srcset=\"https:\/\/isfd78-bue.infd.edu.ar\/sitio\/wp-content\/uploads\/2026\/03\/IMAGEN-ENFERMERIA.png 1000w, https:\/\/isfd78-bue.infd.edu.ar\/sitio\/wp-content\/uploads\/2026\/03\/IMAGEN-ENFERMERIA-768x562.png 768w\" sizes=\"(max-width: 1000px) 100vw, 1000px\" \/><\/p>\n<p>PERFIL PROFESTONAL DEL ENFERMERO<br \/>El Enfermero\/a est\u00e1 capacitado para el\u00a0 ejercicio profesional en relaci\u00f3n de dependencia y en forma libre, desarrolando, brindando y gestionando los cuidados de enfermer\u00eda aut\u00f3nomos e interdependientes para la promoci\u00f3n, pevenci\u00f3n, recuperaci\u00f3n y rehabilitaci\u00f3n de la persona, la familia, grupo y comunidad hasta el nivel de culd\u00e1dos intermedios, en los \u00e1mbitos comunitarios y hospitalario; gestieonando su \u00e1mbito de trabajo y participando en estudios de investigaci\u00f3n &#8211; acci\u00f3n.-<\/p>\n","protected":false},"excerpt":{"rendered":"<p>RESOL N\u00b0 854-2016 PERFIL PROFESTONAL DEL ENFERMEROEl Enfermero\/a est\u00e1 capacitado para el\u00a0 ejercicio profesional en relaci\u00f3n de dependencia y en forma libre, desarrolando, brindando y gestionando los cuidados de enfermer\u00eda aut\u00f3nomos e interdependientes para la promoci\u00f3n, pevenci\u00f3n, recuperaci\u00f3n y rehabilitaci\u00f3n de la persona, la familia, grupo y comunidad hasta el nivel de culd\u00e1dos intermedios, en &#8230; <a title=\"Tecnicatura Superior en Enfermer\u00eda\" class=\"read-more\" href=\"https:\/\/isfd78-bue.infd.edu.ar\/sitio\/tecnicatura-superior-en-enfermeria\/\" aria-label=\"More on Tecnicatura Superior en Enfermer\u00eda\">[+]<\/a><\/p>\n","protected":false},"author":431,"featured_media":0,"parent":0,"menu_order":0,"comment_status":"closed","ping_status":"closed","template":"","meta":[],"acf":[],"_links":{"self":[{"href":"https:\/\/isfd78-bue.infd.edu.ar\/sitio\/wp-json\/wp\/v2\/pages\/881"}],"collection":[{"href":"https:\/\/isfd78-bue.infd.edu.ar\/sitio\/wp-json\/wp\/v2\/pages"}],"about":[{"href":"https:\/\/isfd78-bue.infd.edu.ar\/sitio\/wp-json\/wp\/v2\/types\/page"}],"author":[{"embeddable":true,"href":"https:\/\/isfd78-bue.infd.edu.ar\/sitio\/wp-json\/wp\/v2\/users\/431"}],"replies":[{"embeddable":true,"href":"https:\/\/isfd78-bue.infd.edu.ar\/sitio\/wp-json\/wp\/v2\/comments?post=881"}],"version-history":[{"count":1,"href":"https:\/\/isfd78-bue.infd.edu.ar\/sitio\/wp-json\/wp\/v2\/pages\/881\/revisions"}],"predecessor-version":[{"id":2842,"href":"https:\/\/isfd78-bue.infd.edu.ar\/sitio\/wp-json\/wp\/v2\/pages\/881\/revisions\/2842"}],"wp:attachment":[{"href":"https:\/\/isfd78-bue.infd.edu.ar\/sitio\/wp-json\/wp\/v2\/media?parent=881"}],"curies":[{"name":"wp","href":"https:\/\/api.w.org\/{rel}","templated":true}]}}