{"id":887,"date":"2018-07-02T17:46:56","date_gmt":"2018-07-02T20:46:56","guid":{"rendered":"https:\/\/isfd78-bue.infd.edu.ar\/sitio\/tecnicatura-superior-en-industria-textil-e-indumentaria\/"},"modified":"2026-03-11T20:32:12","modified_gmt":"2026-03-11T23:32:12","slug":"tecnicatura-superior-en-psicopedagogia","status":"publish","type":"page","link":"https:\/\/isfd78-bue.infd.edu.ar\/sitio\/tecnicatura-superior-en-psicopedagogia\/","title":{"rendered":"Tecnicatura Superior en Psicopedagog\u00eda"},"content":{"rendered":"<h1><a href=\"http:\/\/servicios.abc.gov.ar\/lainstitucion\/organismos\/consejogeneral\/tecnicatura\/res\/2460-11-psicopedagogia-escaneada.pdf\"><span style=\"color: #0000ff;\">Resoluci\u00f3n de la Tecnicatura<\/span><\/a><\/h1>\n<p>\u00a0<\/p>\n\n\n<figure class=\"wp-block-image size-full\"><img decoding=\"async\" loading=\"lazy\" width=\"259\" height=\"194\" src=\"https:\/\/isfd78-bue.infd.edu.ar\/sitio\/wp-content\/uploads\/2026\/03\/psicopedagogia.jpg\" alt=\"\" class=\"wp-image-2848\"\/><\/figure>\n\n\n<p><span style=\"color: #0000ff;\"><strong>PERFIL PROFESIONAL<\/strong><\/span><\/p>\n<p>El Psicopedagogo estar\u00e1 capacitado para prevenir, diagnosticar y realizar intervenciones de asesoramiento, orientaci\u00f3n y tratamiento en toda situaci\u00f3n donde el aprendizaje y sus vicisitudes se pongan en juego, tanto en \u00e1mbitos de la salud, educativos, laborales y sociocomuntarios, y que faciliten en los sujetos de diversas edades la construcci\u00f3n de sus proyectos de vida en la comunidad; asumiendo una actitud reflexiva y \u00e9tica de su accionar y quehacer y del lugar social que ocupan sus producciones.<\/p>\n\n","protected":false},"excerpt":{"rendered":"<p>Resoluci\u00f3n de la Tecnicatura \u00a0 PERFIL PROFESIONAL El Psicopedagogo estar\u00e1 capacitado para prevenir, diagnosticar y realizar intervenciones de asesoramiento, orientaci\u00f3n y tratamiento en toda situaci\u00f3n donde el aprendizaje y sus vicisitudes se pongan en juego, tanto en \u00e1mbitos de la salud, educativos, laborales y sociocomuntarios, y que faciliten en los sujetos de diversas edades la &#8230; <a title=\"Tecnicatura Superior en Psicopedagog\u00eda\" class=\"read-more\" href=\"https:\/\/isfd78-bue.infd.edu.ar\/sitio\/tecnicatura-superior-en-psicopedagogia\/\" aria-label=\"More on Tecnicatura Superior en Psicopedagog\u00eda\">[+]<\/a><\/p>\n","protected":false},"author":431,"featured_media":0,"parent":0,"menu_order":0,"comment_status":"closed","ping_status":"closed","template":"","meta":[],"acf":[],"_links":{"self":[{"href":"https:\/\/isfd78-bue.infd.edu.ar\/sitio\/wp-json\/wp\/v2\/pages\/887"}],"collection":[{"href":"https:\/\/isfd78-bue.infd.edu.ar\/sitio\/wp-json\/wp\/v2\/pages"}],"about":[{"href":"https:\/\/isfd78-bue.infd.edu.ar\/sitio\/wp-json\/wp\/v2\/types\/page"}],"author":[{"embeddable":true,"href":"https:\/\/isfd78-bue.infd.edu.ar\/sitio\/wp-json\/wp\/v2\/users\/431"}],"replies":[{"embeddable":true,"href":"https:\/\/isfd78-bue.infd.edu.ar\/sitio\/wp-json\/wp\/v2\/comments?post=887"}],"version-history":[{"count":3,"href":"https:\/\/isfd78-bue.infd.edu.ar\/sitio\/wp-json\/wp\/v2\/pages\/887\/revisions"}],"predecessor-version":[{"id":2849,"href":"https:\/\/isfd78-bue.infd.edu.ar\/sitio\/wp-json\/wp\/v2\/pages\/887\/revisions\/2849"}],"wp:attachment":[{"href":"https:\/\/isfd78-bue.infd.edu.ar\/sitio\/wp-json\/wp\/v2\/media?parent=887"}],"curies":[{"name":"wp","href":"https:\/\/api.w.org\/{rel}","templated":true}]}}